{"id":1144,"date":"2018-01-25T12:13:12","date_gmt":"2018-01-25T11:13:12","guid":{"rendered":"https:\/\/moulinduvaldieu.be\/realisations-de-sites-web\/"},"modified":"2020-07-27T11:55:00","modified_gmt":"2020-07-27T09:55:00","slug":"realisations-de-sites-web","status":"publish","type":"page","link":"https:\/\/moulinduvaldieu.be\/nl\/realisations-de-sites-web\/","title":{"rendered":"R\u00e9alisations de sites web"},"content":{"rendered":"<h1>WEBSITE REALISATIES<\/h1>\n<p><span style=\"font-weight: 400;\">De website van \u201c<em><strong>Moulin du Val Dieu<\/strong><\/em><\/span><span style=\"font-weight: 400;\">\u201d werd gecre\u00eberd door <\/span><b><i>OY\u00c9-OY\u00c9<\/i><\/b> <span style=\"font-weight: 400;\">\u00a9<\/span><span style=\"font-weight: 400;\"> , de web agency van \u201cPetit Fut\u00e9 Belgi\u00eb.\u201d<\/span><\/p>\n<p><span style=\"font-weight: 400;\">OYE OYE heeft de optimale oplossing neergezet om de gegevens van \u201c<em><strong>Moulin du Val Dieu<\/strong><\/em><\/span><span style=\"font-weight: 400;\">\u201d zo effici\u00ebnt mogelijk op het web te verspreiden.<\/span><\/p>\n<p><span style=\"font-weight: 400;\">Eerst en vooral door het opzetten van deze handige site en dan zeker door links te maken met de voornaamste actoren op het wereldwijde web (sociale netwerken, platformen, enz.. ) om de zichtbaarheid nog te verhogen.<\/span><\/p>\n<p><span style=\"font-weight: 400;\">OYE OYE is al sinds 1989 actief in communicatie in de HORECA, VRIJE TIJD en TOERISME sectoren (met de Petit Fut\u00e9 gidsen van Belgi\u00eb en Brussel) en begon actief te zijn op het web in 2001.<\/span><\/p>\n<p><span style=\"font-weight: 400;\">Vandaag brengt Oye Oye een reeks effici\u00ebnte en trendy tools op de markt voor haar klanten. De managers van \u201c<em><strong>Moulin du Val Dieu<\/strong><\/em><\/span><span style=\"font-weight: 400;\">\u201d kregen op transparante wijze alles aangereikt om onafhankelijk te kunnen handelen om zo hun zaak een meer zichtbare en prominente plaats op het web te geven.<\/span><\/p>\n","protected":false},"excerpt":{"rendered":"<p>WEBSITE REALISATIES De website van \u201cMoulin du Val Dieu\u201d werd gecre\u00eberd door OY\u00c9-OY\u00c9 \u00a9 , de web agency van \u201cPetit Fut\u00e9 Belgi\u00eb.\u201d OYE OYE heeft de optimale oplossing neergezet om de gegevens van \u201cMoulin du Val Dieu\u201d zo effici\u00ebnt mogelijk op het web te verspreiden. Eerst en vooral door het opzetten van deze handige site [&hellip;]<\/p>\n","protected":false},"author":2,"featured_media":0,"parent":0,"menu_order":0,"comment_status":"closed","ping_status":"closed","template":"","meta":{"footnotes":""},"class_list":["post-1144","page","type-page","status-publish","hentry"],"yoast_head":"<!-- This site is optimized with the Yoast SEO plugin v27.4 - https:\/\/yoast.com\/product\/yoast-seo-wordpress\/ -->\n<title>R\u00e9alisations de sites web - Le Moulin du Val-Dieu<\/title>\n<meta name=\"robots\" content=\"index, follow, max-snippet:-1, max-image-preview:large, max-video-preview:-1\" \/>\n<link rel=\"canonical\" href=\"https:\/\/moulinduvaldieu.be\/nl\/realisations-de-sites-web\/\" \/>\n<meta property=\"og:locale\" content=\"nl_NL\" \/>\n<meta property=\"og:type\" content=\"article\" \/>\n<meta property=\"og:title\" content=\"R\u00e9alisations de sites web - Le Moulin du Val-Dieu\" \/>\n<meta property=\"og:description\" content=\"WEBSITE REALISATIES De website van \u201cMoulin du Val Dieu\u201d werd gecre\u00eberd door OY\u00c9-OY\u00c9 \u00a9 , de web agency van \u201cPetit Fut\u00e9 Belgi\u00eb.\u201d OYE OYE heeft de optimale oplossing neergezet om de gegevens van \u201cMoulin du Val Dieu\u201d zo effici\u00ebnt mogelijk op het web te verspreiden. Eerst en vooral door het opzetten van deze handige site [&hellip;]\" \/>\n<meta property=\"og:url\" content=\"https:\/\/moulinduvaldieu.be\/nl\/realisations-de-sites-web\/\" \/>\n<meta property=\"og:site_name\" content=\"Le Moulin du Val-Dieu\" \/>\n<meta property=\"article:modified_time\" content=\"2020-07-27T09:55:00+00:00\" \/>\n<meta name=\"twitter:card\" content=\"summary_large_image\" \/>\n<meta name=\"twitter:label1\" content=\"Geschatte leestijd\" \/>\n\t<meta name=\"twitter:data1\" content=\"1 minuut\" \/>\n<script type=\"application\/ld+json\" class=\"yoast-schema-graph\">{\"@context\":\"https:\\\/\\\/schema.org\",\"@graph\":[{\"@type\":\"WebPage\",\"@id\":\"https:\\\/\\\/moulinduvaldieu.be\\\/nl\\\/realisations-de-sites-web\\\/\",\"url\":\"https:\\\/\\\/moulinduvaldieu.be\\\/nl\\\/realisations-de-sites-web\\\/\",\"name\":\"R\u00e9alisations de sites web - Le Moulin du Val-Dieu\",\"isPartOf\":{\"@id\":\"https:\\\/\\\/moulinduvaldieu.be\\\/nl\\\/#website\"},\"datePublished\":\"2018-01-25T11:13:12+00:00\",\"dateModified\":\"2020-07-27T09:55:00+00:00\",\"breadcrumb\":{\"@id\":\"https:\\\/\\\/moulinduvaldieu.be\\\/nl\\\/realisations-de-sites-web\\\/#breadcrumb\"},\"inLanguage\":\"nl-NL\",\"potentialAction\":[{\"@type\":\"ReadAction\",\"target\":[\"https:\\\/\\\/moulinduvaldieu.be\\\/nl\\\/realisations-de-sites-web\\\/\"]}]},{\"@type\":\"BreadcrumbList\",\"@id\":\"https:\\\/\\\/moulinduvaldieu.be\\\/nl\\\/realisations-de-sites-web\\\/#breadcrumb\",\"itemListElement\":[{\"@type\":\"ListItem\",\"position\":1,\"name\":\"Accueil\",\"item\":\"https:\\\/\\\/moulinduvaldieu.be\\\/nl\\\/\"},{\"@type\":\"ListItem\",\"position\":2,\"name\":\"R\u00e9alisations de sites web\"}]},{\"@type\":\"WebSite\",\"@id\":\"https:\\\/\\\/moulinduvaldieu.be\\\/nl\\\/#website\",\"url\":\"https:\\\/\\\/moulinduvaldieu.be\\\/nl\\\/\",\"name\":\"Le Moulin du Val-Dieu\",\"description\":\"Un site utilisant Les sites Simple - Neomedia\",\"potentialAction\":[{\"@type\":\"SearchAction\",\"target\":{\"@type\":\"EntryPoint\",\"urlTemplate\":\"https:\\\/\\\/moulinduvaldieu.be\\\/nl\\\/?s={search_term_string}\"},\"query-input\":{\"@type\":\"PropertyValueSpecification\",\"valueRequired\":true,\"valueName\":\"search_term_string\"}}],\"inLanguage\":\"nl-NL\"}]}<\/script>\n<!-- \/ Yoast SEO plugin. -->","yoast_head_json":{"title":"R\u00e9alisations de sites web - Le Moulin du Val-Dieu","robots":{"index":"index","follow":"follow","max-snippet":"max-snippet:-1","max-image-preview":"max-image-preview:large","max-video-preview":"max-video-preview:-1"},"canonical":"https:\/\/moulinduvaldieu.be\/nl\/realisations-de-sites-web\/","og_locale":"nl_NL","og_type":"article","og_title":"R\u00e9alisations de sites web - Le Moulin du Val-Dieu","og_description":"WEBSITE REALISATIES De website van \u201cMoulin du Val Dieu\u201d werd gecre\u00eberd door OY\u00c9-OY\u00c9 \u00a9 , de web agency van \u201cPetit Fut\u00e9 Belgi\u00eb.\u201d OYE OYE heeft de optimale oplossing neergezet om de gegevens van \u201cMoulin du Val Dieu\u201d zo effici\u00ebnt mogelijk op het web te verspreiden. Eerst en vooral door het opzetten van deze handige site [&hellip;]","og_url":"https:\/\/moulinduvaldieu.be\/nl\/realisations-de-sites-web\/","og_site_name":"Le Moulin du Val-Dieu","article_modified_time":"2020-07-27T09:55:00+00:00","twitter_card":"summary_large_image","twitter_misc":{"Geschatte leestijd":"1 minuut"},"schema":{"@context":"https:\/\/schema.org","@graph":[{"@type":"WebPage","@id":"https:\/\/moulinduvaldieu.be\/nl\/realisations-de-sites-web\/","url":"https:\/\/moulinduvaldieu.be\/nl\/realisations-de-sites-web\/","name":"R\u00e9alisations de sites web - Le Moulin du Val-Dieu","isPartOf":{"@id":"https:\/\/moulinduvaldieu.be\/nl\/#website"},"datePublished":"2018-01-25T11:13:12+00:00","dateModified":"2020-07-27T09:55:00+00:00","breadcrumb":{"@id":"https:\/\/moulinduvaldieu.be\/nl\/realisations-de-sites-web\/#breadcrumb"},"inLanguage":"nl-NL","potentialAction":[{"@type":"ReadAction","target":["https:\/\/moulinduvaldieu.be\/nl\/realisations-de-sites-web\/"]}]},{"@type":"BreadcrumbList","@id":"https:\/\/moulinduvaldieu.be\/nl\/realisations-de-sites-web\/#breadcrumb","itemListElement":[{"@type":"ListItem","position":1,"name":"Accueil","item":"https:\/\/moulinduvaldieu.be\/nl\/"},{"@type":"ListItem","position":2,"name":"R\u00e9alisations de sites web"}]},{"@type":"WebSite","@id":"https:\/\/moulinduvaldieu.be\/nl\/#website","url":"https:\/\/moulinduvaldieu.be\/nl\/","name":"Le Moulin du Val-Dieu","description":"Un site utilisant Les sites Simple - Neomedia","potentialAction":[{"@type":"SearchAction","target":{"@type":"EntryPoint","urlTemplate":"https:\/\/moulinduvaldieu.be\/nl\/?s={search_term_string}"},"query-input":{"@type":"PropertyValueSpecification","valueRequired":true,"valueName":"search_term_string"}}],"inLanguage":"nl-NL"}]}},"publishpress_future_workflow_manual_trigger":{"enabledWorkflows":[]},"_links":{"self":[{"href":"https:\/\/moulinduvaldieu.be\/nl\/wp-json\/wp\/v2\/pages\/1144","targetHints":{"allow":["GET"]}}],"collection":[{"href":"https:\/\/moulinduvaldieu.be\/nl\/wp-json\/wp\/v2\/pages"}],"about":[{"href":"https:\/\/moulinduvaldieu.be\/nl\/wp-json\/wp\/v2\/types\/page"}],"author":[{"embeddable":true,"href":"https:\/\/moulinduvaldieu.be\/nl\/wp-json\/wp\/v2\/users\/2"}],"replies":[{"embeddable":true,"href":"https:\/\/moulinduvaldieu.be\/nl\/wp-json\/wp\/v2\/comments?post=1144"}],"version-history":[{"count":2,"href":"https:\/\/moulinduvaldieu.be\/nl\/wp-json\/wp\/v2\/pages\/1144\/revisions"}],"predecessor-version":[{"id":1445,"href":"https:\/\/moulinduvaldieu.be\/nl\/wp-json\/wp\/v2\/pages\/1144\/revisions\/1445"}],"wp:attachment":[{"href":"https:\/\/moulinduvaldieu.be\/nl\/wp-json\/wp\/v2\/media?parent=1144"}],"curies":[{"name":"wp","href":"https:\/\/api.w.org\/{rel}","templated":true}]}}