{"id":1113,"date":"2017-12-18T16:07:43","date_gmt":"2017-12-18T15:07:43","guid":{"rendered":"https:\/\/moulinduvaldieu.be\/ils-parlent-de-nous\/"},"modified":"2025-11-03T20:29:42","modified_gmt":"2025-11-03T19:29:42","slug":"ils-parlent-de-nous","status":"publish","type":"page","link":"https:\/\/moulinduvaldieu.be\/nl\/ils-parlent-de-nous\/","title":{"rendered":"Ils parlent de nous"},"content":{"rendered":"<div id='full_slider_1'  class='avia-fullwidth-slider main_color avia-shadow   avia-builder-el-0  el_before_av_section  avia-builder-el-first   container_wrap sidebar_right'  ><div  class='avia-slideshow av-12gjp4-d67ca5879617db088c65f872dda24b4f avia-slideshow-featured av_slideshow_full avia-slide-slider av-slideshow-ui av-control-default av-slideshow-manual av-loop-once av-loop-manual-endless av-default-height-applied   avia-slideshow-1' data-slideshow-options=\"{&quot;animation&quot;:&quot;slide&quot;,&quot;autoplay&quot;:false,&quot;loop_autoplay&quot;:&quot;once&quot;,&quot;interval&quot;:5,&quot;loop_manual&quot;:&quot;manual-endless&quot;,&quot;autoplay_stopper&quot;:false,&quot;noNavigation&quot;:false,&quot;bg_slider&quot;:false,&quot;keep_padding&quot;:false,&quot;hoverpause&quot;:false,&quot;show_slide_delay&quot;:0}\"  itemprop=\"image\" itemscope=\"itemscope\" itemtype=\"https:\/\/schema.org\/ImageObject\" ><ul class='avia-slideshow-inner ' style='padding-bottom: 28.666666666667%;'><li  class='avia-slideshow-slide av-12gjp4-d67ca5879617db088c65f872dda24b4f__0  av-single-slide slide-1 slide-odd'><div data-rel='slideshow-1' class='avia-slide-wrap '   ><img decoding=\"async\" fetchpriority=\"high\" class=\"wp-image-997 avia-img-lazy-loading-not-997\"  src=\"https:\/\/moulinduvaldieu.be\/wp-content\/uploads\/sites\/8\/2017\/12\/Moulin-ValDieu-Camion--1500x430.jpg\" width=\"1500\" height=\"430\" title='Moulin-ValDieu-Camion-' alt=''  itemprop=\"thumbnailUrl\"   \/><\/div><\/li><\/ul><\/div><\/div>\n<div id='av_section_1'  class='avia-section av-tby80-8d77a0c524ed6c14fe2ce2a6696eaf00 main_color avia-section-default avia-no-shadow  avia-builder-el-1  el_after_av_slideshow_full  el_before_av_codeblock  avia-bg-style-scroll container_wrap sidebar_right'  ><div class='container av-section-cont-open' ><div class='template-page content  av-content-small alpha units'><div class='post-entry post-entry-type-page post-entry-1113'><div class='entry-content-wrapper clearfix'>\n\n<style type=\"text\/css\" data-created_by=\"avia_inline_auto\" id=\"style-css-av-kcxgtg0s-9f8a9e2ba0ac2670fd9038ccab26b7be\">\n#top .av-special-heading.av-kcxgtg0s-9f8a9e2ba0ac2670fd9038ccab26b7be{\npadding-bottom:10px;\n}\nbody .av-special-heading.av-kcxgtg0s-9f8a9e2ba0ac2670fd9038ccab26b7be .av-special-heading-tag .heading-char{\nfont-size:25px;\n}\n.av-special-heading.av-kcxgtg0s-9f8a9e2ba0ac2670fd9038ccab26b7be .av-subheading{\nfont-size:15px;\n}\n<\/style>\n<div  class='av-special-heading av-kcxgtg0s-9f8a9e2ba0ac2670fd9038ccab26b7be av-special-heading-h1 blockquote modern-quote modern-centered  avia-builder-el-2  el_before_av_hr  avia-builder-el-first '><h1 class='av-special-heading-tag '  itemprop=\"headline\"  >Wat zeggen ze over ons<\/h1><div class=\"special-heading-border\"><div class=\"special-heading-inner-border\"><\/div><\/div><\/div>\n<div  class='hr av-gct3c-64a6383761e210ec92c9e1b3a9d597dd hr-default  avia-builder-el-3  el_after_av_heading  el_before_av_blog '><span class='hr-inner '><span class=\"hr-inner-style\"><\/span><\/span><\/div>\n<div  data-slideshow-options=\"{&quot;animation&quot;:&quot;fade&quot;,&quot;autoplay&quot;:false,&quot;loop_autoplay&quot;:&quot;once&quot;,&quot;interval&quot;:5,&quot;loop_manual&quot;:&quot;manual-endless&quot;,&quot;autoplay_stopper&quot;:false,&quot;noNavigation&quot;:false,&quot;show_slide_delay&quot;:90}\" class='avia-content-slider avia-content-grid-active avia-content-slider1 avia-content-slider-odd  avia-builder-el-4  el_after_av_hr  avia-builder-el-last  av-slideshow-ui av-control-default   av-no-slider-navigation av-slideshow-manual av-loop-once av-loop-manual-endless '  itemscope=\"itemscope\" itemtype=\"https:\/\/schema.org\/Blog\" ><div class=\"avia-content-slider-inner\"><div class=\"slide-entry-wrap\"><article class='slide-entry flex_column  post-entry post-entry-1287 slide-entry-overview slide-loop-1 slide-parity-odd  post-entry-last  av_one_third first real-thumbnail posttype-post post-format-standard'  itemscope=\"itemscope\" itemtype=\"https:\/\/schema.org\/CreativeWork\" ><a href='https:\/\/moulinduvaldieu.be\/nl\/aubel-stassen-se-relevent-demain-moulin-val-dieu\/' data-rel='slide-1' class='slide-image' title='Aubel : les Stassen se rel\u00e8vent d\u00e8s demain au Moulin du Val Dieu!'><img decoding=\"async\" fetchpriority=\"high\" width=\"495\" height=\"400\" src=\"https:\/\/moulinduvaldieu.be\/wp-content\/uploads\/sites\/8\/2017\/11\/Stassen-val-dieu-495x400.jpg\" class=\"wp-image-975 avia-img-lazy-loading-not-975 attachment-portfolio size-portfolio wp-post-image\" alt=\"\" srcset=\"https:\/\/moulinduvaldieu.be\/wp-content\/uploads\/sites\/8\/2017\/11\/Stassen-val-dieu-495x400.jpg 495w, https:\/\/moulinduvaldieu.be\/wp-content\/uploads\/sites\/8\/2017\/11\/Stassen-val-dieu-300x241.jpg 300w, https:\/\/moulinduvaldieu.be\/wp-content\/uploads\/sites\/8\/2017\/11\/Stassen-val-dieu-845x684.jpg 845w\" sizes=\"(max-width: 495px) 100vw, 495px\" \/><\/a><div class=\"slide-content\"><header class=\"entry-content-header\" aria-label=\"Slide: Aubel : les Stassen se rel\u00e8vent d\u00e8s demain au Moulin du Val Dieu!\"><h3 class='slide-entry-title entry-title '  itemprop=\"headline\" ><a href='https:\/\/moulinduvaldieu.be\/nl\/aubel-stassen-se-relevent-demain-moulin-val-dieu\/' title='Aubel : les Stassen se rel\u00e8vent d\u00e8s demain au Moulin du Val Dieu!'>Aubel : les Stassen se rel\u00e8vent d\u00e8s demain au Moulin du Val Dieu!<\/a><\/h3><span class=\"blog-categories minor-meta\"><a href=\"https:\/\/moulinduvaldieu.be\/nl\/category\/presse-nl\/\" rel=\"tag\">Presse<\/a> <\/span><span class=\"av-vertical-delimiter\"><\/span><\/header><div class='slide-entry-excerpt entry-content'  itemprop=\"text\" >\n\n\n\n\n\n<\/div><\/div><footer class=\"entry-footer\"><div class=\"slide-meta\"><time class='slide-meta-time updated'  itemprop=\"datePublished\" datetime=\"2017-12-18T16:09:51+01:00\" >18 december 2017<\/time><\/div><\/footer><span class='hidden'>\n\t\t\t\t<span class='av-structured-data'  itemprop=\"image\" itemscope=\"itemscope\" itemtype=\"https:\/\/schema.org\/ImageObject\" >\n\t\t\t\t\t\t<span itemprop='url'>https:\/\/moulinduvaldieu.be\/wp-content\/uploads\/sites\/8\/2017\/11\/Stassen-val-dieu.jpg<\/span>\n\t\t\t\t\t\t<span itemprop='height'>960<\/span>\n\t\t\t\t\t\t<span itemprop='width'>1195<\/span>\n\t\t\t\t<\/span>\n\t\t\t\t<span class='av-structured-data'  itemprop=\"publisher\" itemtype=\"https:\/\/schema.org\/Organization\" itemscope=\"itemscope\" >\n\t\t\t\t\t\t<span itemprop='name'>Webmaster<\/span>\n\t\t\t\t\t\t<span itemprop='logo' itemscope itemtype='https:\/\/schema.org\/ImageObject'>\n\t\t\t\t\t\t\t<span itemprop='url'>https:\/\/moulinduvaldieu.be\/wp-content\/uploads\/sites\/8\/2017\/12\/Logo-Moulin-Val-Dieu-.png<\/span>\n\t\t\t\t\t\t<\/span>\n\t\t\t\t<\/span><span class='av-structured-data'  itemprop=\"author\" itemscope=\"itemscope\" itemtype=\"https:\/\/schema.org\/Person\" ><span itemprop='name'>Webmaster<\/span><\/span><span class='av-structured-data'  itemprop=\"datePublished\" datetime=\"2017-12-18T16:07:43+01:00\" >2017-12-18 16:09:51<\/span><span class='av-structured-data'  itemprop=\"dateModified\" itemtype=\"https:\/\/schema.org\/dateModified\" >2020-12-18 11:31:36<\/span><span class='av-structured-data'  itemprop=\"mainEntityOfPage\" itemtype=\"https:\/\/schema.org\/mainEntityOfPage\" ><span itemprop='name'>Aubel : les Stassen se rel\u00e8vent d\u00e8s demain au Moulin du Val Dieu!<\/span><\/span><\/span><\/article><\/div><\/div><\/div>\n<\/div><\/div><\/div><!-- close content main div --><\/div><\/div><div id='after_section_1'  class='main_color av_default_container_wrap container_wrap sidebar_right'  ><div class='container av-section-cont-open' ><div class='template-page content  av-content-small alpha units'><div class='post-entry post-entry-type-page post-entry-1113'><div class='entry-content-wrapper clearfix'>\n\n","protected":false},"excerpt":{"rendered":"","protected":false},"author":2,"featured_media":0,"parent":0,"menu_order":0,"comment_status":"closed","ping_status":"closed","template":"","meta":{"footnotes":""},"class_list":["post-1113","page","type-page","status-publish","hentry"],"yoast_head":"<!-- This site is optimized with the Yoast SEO plugin v27.4 - https:\/\/yoast.com\/product\/yoast-seo-wordpress\/ -->\n<title>Ils parlent de nous - Le Moulin du Val-Dieu<\/title>\n<meta name=\"robots\" content=\"index, follow, max-snippet:-1, max-image-preview:large, max-video-preview:-1\" \/>\n<link rel=\"canonical\" href=\"https:\/\/moulinduvaldieu.be\/nl\/ils-parlent-de-nous\/\" \/>\n<meta property=\"og:locale\" content=\"nl_NL\" \/>\n<meta property=\"og:type\" content=\"article\" \/>\n<meta property=\"og:title\" content=\"Ils parlent de nous - Le Moulin du Val-Dieu\" \/>\n<meta property=\"og:url\" content=\"https:\/\/moulinduvaldieu.be\/nl\/ils-parlent-de-nous\/\" \/>\n<meta property=\"og:site_name\" content=\"Le Moulin du Val-Dieu\" \/>\n<meta property=\"article:modified_time\" content=\"2025-11-03T19:29:42+00:00\" \/>\n<meta name=\"twitter:card\" content=\"summary_large_image\" \/>\n<meta name=\"twitter:label1\" content=\"Geschatte leestijd\" \/>\n\t<meta name=\"twitter:data1\" content=\"1 minuut\" \/>\n<script type=\"application\/ld+json\" class=\"yoast-schema-graph\">{\"@context\":\"https:\\\/\\\/schema.org\",\"@graph\":[{\"@type\":\"WebPage\",\"@id\":\"https:\\\/\\\/moulinduvaldieu.be\\\/nl\\\/ils-parlent-de-nous\\\/\",\"url\":\"https:\\\/\\\/moulinduvaldieu.be\\\/nl\\\/ils-parlent-de-nous\\\/\",\"name\":\"Ils parlent de nous - Le Moulin du Val-Dieu\",\"isPartOf\":{\"@id\":\"https:\\\/\\\/moulinduvaldieu.be\\\/nl\\\/#website\"},\"datePublished\":\"2017-12-18T15:07:43+00:00\",\"dateModified\":\"2025-11-03T19:29:42+00:00\",\"breadcrumb\":{\"@id\":\"https:\\\/\\\/moulinduvaldieu.be\\\/nl\\\/ils-parlent-de-nous\\\/#breadcrumb\"},\"inLanguage\":\"nl-NL\",\"potentialAction\":[{\"@type\":\"ReadAction\",\"target\":[\"https:\\\/\\\/moulinduvaldieu.be\\\/nl\\\/ils-parlent-de-nous\\\/\"]}]},{\"@type\":\"BreadcrumbList\",\"@id\":\"https:\\\/\\\/moulinduvaldieu.be\\\/nl\\\/ils-parlent-de-nous\\\/#breadcrumb\",\"itemListElement\":[{\"@type\":\"ListItem\",\"position\":1,\"name\":\"Accueil\",\"item\":\"https:\\\/\\\/moulinduvaldieu.be\\\/nl\\\/\"},{\"@type\":\"ListItem\",\"position\":2,\"name\":\"Ils parlent de nous\"}]},{\"@type\":\"WebSite\",\"@id\":\"https:\\\/\\\/moulinduvaldieu.be\\\/nl\\\/#website\",\"url\":\"https:\\\/\\\/moulinduvaldieu.be\\\/nl\\\/\",\"name\":\"Le Moulin du Val-Dieu\",\"description\":\"Un site utilisant Les sites Simple - Neomedia\",\"potentialAction\":[{\"@type\":\"SearchAction\",\"target\":{\"@type\":\"EntryPoint\",\"urlTemplate\":\"https:\\\/\\\/moulinduvaldieu.be\\\/nl\\\/?s={search_term_string}\"},\"query-input\":{\"@type\":\"PropertyValueSpecification\",\"valueRequired\":true,\"valueName\":\"search_term_string\"}}],\"inLanguage\":\"nl-NL\"}]}<\/script>\n<!-- \/ Yoast SEO plugin. -->","yoast_head_json":{"title":"Ils parlent de nous - Le Moulin du Val-Dieu","robots":{"index":"index","follow":"follow","max-snippet":"max-snippet:-1","max-image-preview":"max-image-preview:large","max-video-preview":"max-video-preview:-1"},"canonical":"https:\/\/moulinduvaldieu.be\/nl\/ils-parlent-de-nous\/","og_locale":"nl_NL","og_type":"article","og_title":"Ils parlent de nous - Le Moulin du Val-Dieu","og_url":"https:\/\/moulinduvaldieu.be\/nl\/ils-parlent-de-nous\/","og_site_name":"Le Moulin du Val-Dieu","article_modified_time":"2025-11-03T19:29:42+00:00","twitter_card":"summary_large_image","twitter_misc":{"Geschatte leestijd":"1 minuut"},"schema":{"@context":"https:\/\/schema.org","@graph":[{"@type":"WebPage","@id":"https:\/\/moulinduvaldieu.be\/nl\/ils-parlent-de-nous\/","url":"https:\/\/moulinduvaldieu.be\/nl\/ils-parlent-de-nous\/","name":"Ils parlent de nous - Le Moulin du Val-Dieu","isPartOf":{"@id":"https:\/\/moulinduvaldieu.be\/nl\/#website"},"datePublished":"2017-12-18T15:07:43+00:00","dateModified":"2025-11-03T19:29:42+00:00","breadcrumb":{"@id":"https:\/\/moulinduvaldieu.be\/nl\/ils-parlent-de-nous\/#breadcrumb"},"inLanguage":"nl-NL","potentialAction":[{"@type":"ReadAction","target":["https:\/\/moulinduvaldieu.be\/nl\/ils-parlent-de-nous\/"]}]},{"@type":"BreadcrumbList","@id":"https:\/\/moulinduvaldieu.be\/nl\/ils-parlent-de-nous\/#breadcrumb","itemListElement":[{"@type":"ListItem","position":1,"name":"Accueil","item":"https:\/\/moulinduvaldieu.be\/nl\/"},{"@type":"ListItem","position":2,"name":"Ils parlent de nous"}]},{"@type":"WebSite","@id":"https:\/\/moulinduvaldieu.be\/nl\/#website","url":"https:\/\/moulinduvaldieu.be\/nl\/","name":"Le Moulin du Val-Dieu","description":"Un site utilisant Les sites Simple - Neomedia","potentialAction":[{"@type":"SearchAction","target":{"@type":"EntryPoint","urlTemplate":"https:\/\/moulinduvaldieu.be\/nl\/?s={search_term_string}"},"query-input":{"@type":"PropertyValueSpecification","valueRequired":true,"valueName":"search_term_string"}}],"inLanguage":"nl-NL"}]}},"publishpress_future_workflow_manual_trigger":{"enabledWorkflows":[]},"_links":{"self":[{"href":"https:\/\/moulinduvaldieu.be\/nl\/wp-json\/wp\/v2\/pages\/1113","targetHints":{"allow":["GET"]}}],"collection":[{"href":"https:\/\/moulinduvaldieu.be\/nl\/wp-json\/wp\/v2\/pages"}],"about":[{"href":"https:\/\/moulinduvaldieu.be\/nl\/wp-json\/wp\/v2\/types\/page"}],"author":[{"embeddable":true,"href":"https:\/\/moulinduvaldieu.be\/nl\/wp-json\/wp\/v2\/users\/2"}],"replies":[{"embeddable":true,"href":"https:\/\/moulinduvaldieu.be\/nl\/wp-json\/wp\/v2\/comments?post=1113"}],"version-history":[{"count":5,"href":"https:\/\/moulinduvaldieu.be\/nl\/wp-json\/wp\/v2\/pages\/1113\/revisions"}],"predecessor-version":[{"id":2654,"href":"https:\/\/moulinduvaldieu.be\/nl\/wp-json\/wp\/v2\/pages\/1113\/revisions\/2654"}],"wp:attachment":[{"href":"https:\/\/moulinduvaldieu.be\/nl\/wp-json\/wp\/v2\/media?parent=1113"}],"curies":[{"name":"wp","href":"https:\/\/api.w.org\/{rel}","templated":true}]}}