{"id":1145,"date":"2018-01-25T12:13:12","date_gmt":"2018-01-25T11:13:12","guid":{"rendered":"https:\/\/moulinduvaldieu.be\/realisations-de-sites-web\/"},"modified":"2020-07-27T11:53:39","modified_gmt":"2020-07-27T09:53:39","slug":"realisations-de-sites-web","status":"publish","type":"page","link":"https:\/\/moulinduvaldieu.be\/en\/realisations-de-sites-web\/","title":{"rendered":"R\u00e9alisations de sites web"},"content":{"rendered":"<h1>WEBSITE REALIZATIONS<\/h1>\n<p><span style=\"font-weight: 400;\">This website was created by <\/span><b><i>OY\u00c9-OY\u00c9<\/i><\/b> <span style=\"font-weight: 400;\">\u00a9<\/span><span style=\"font-weight: 400;\">, the <\/span><b>web agency<\/b><span style=\"font-weight: 400;\"> of \u201cPetit Fut\u00e9 Belgium\u201d.<\/span><\/p>\n<p><span style=\"font-weight: 400;\">OY\u00c9-OY\u00c9 has built the right solution to effectively promote &#8220;<em><strong>Moulin du Val Dieu<\/strong><\/em><\/span><span style=\"font-weight: 400;\">&#8221; on the web.<\/span><\/p>\n<p><span style=\"font-weight: 400;\">First of all by creating this functional website and especially by forging links with the major players on the web (social networks, platforms&#8230;) to obtain higher visibility.<\/span><\/p>\n<p><span style=\"font-weight: 400;\">OYE-OYE has been active in communication<\/span> <span style=\"font-weight: 400;\">since 1989 in the HORECA (restaurants), LEISURE and TOURISM sectors (with the guides Petit Fut\u00e9 in <\/span><b>Brussels<\/b><span style=\"font-weight: 400;\"> and <\/span><b>Belgium<\/b><span style=\"font-weight: 400;\">) and started on the web since 2001.\u00a0<\/span><\/p>\n<p><span style=\"font-weight: 400;\">Today Oy\u00e9 Oy\u00e9 provides its customers with efficient and trendy tools. In a most transparent fashion all has been put in place for the managers of \u201c<em><strong>Moulin du Val Dieu<\/strong><\/em><\/span><span style=\"font-weight: 400;\">\u201d to be able to act independently and give their business a more visible and permanent presence on the web. <\/span><\/p>\n","protected":false},"excerpt":{"rendered":"<p>WEBSITE REALIZATIONS This website was created by OY\u00c9-OY\u00c9 \u00a9, the web agency of \u201cPetit Fut\u00e9 Belgium\u201d. OY\u00c9-OY\u00c9 has built the right solution to effectively promote &#8220;Moulin du Val Dieu&#8221; on the web. First of all by creating this functional website and especially by forging links with the major players on the web (social networks, platforms&#8230;) [&hellip;]<\/p>\n","protected":false},"author":2,"featured_media":0,"parent":0,"menu_order":0,"comment_status":"closed","ping_status":"closed","template":"","meta":{"footnotes":""},"class_list":["post-1145","page","type-page","status-publish","hentry"],"yoast_head":"<!-- This site is optimized with the Yoast SEO plugin v27.4 - https:\/\/yoast.com\/product\/yoast-seo-wordpress\/ -->\n<title>R\u00e9alisations de sites web - Le Moulin du Val-Dieu<\/title>\n<meta name=\"robots\" content=\"index, follow, max-snippet:-1, max-image-preview:large, max-video-preview:-1\" \/>\n<link rel=\"canonical\" href=\"https:\/\/moulinduvaldieu.be\/en\/realisations-de-sites-web\/\" \/>\n<meta property=\"og:locale\" content=\"en_US\" \/>\n<meta property=\"og:type\" content=\"article\" \/>\n<meta property=\"og:title\" content=\"R\u00e9alisations de sites web - Le Moulin du Val-Dieu\" \/>\n<meta property=\"og:description\" content=\"WEBSITE REALIZATIONS This website was created by OY\u00c9-OY\u00c9 \u00a9, the web agency of \u201cPetit Fut\u00e9 Belgium\u201d. OY\u00c9-OY\u00c9 has built the right solution to effectively promote &#8220;Moulin du Val Dieu&#8221; on the web. First of all by creating this functional website and especially by forging links with the major players on the web (social networks, platforms&#8230;) [&hellip;]\" \/>\n<meta property=\"og:url\" content=\"https:\/\/moulinduvaldieu.be\/en\/realisations-de-sites-web\/\" \/>\n<meta property=\"og:site_name\" content=\"Le Moulin du Val-Dieu\" \/>\n<meta property=\"article:modified_time\" content=\"2020-07-27T09:53:39+00:00\" \/>\n<meta name=\"twitter:card\" content=\"summary_large_image\" \/>\n<meta name=\"twitter:label1\" content=\"Est. reading time\" \/>\n\t<meta name=\"twitter:data1\" content=\"1 minute\" \/>\n<script type=\"application\/ld+json\" class=\"yoast-schema-graph\">{\"@context\":\"https:\\\/\\\/schema.org\",\"@graph\":[{\"@type\":\"WebPage\",\"@id\":\"https:\\\/\\\/moulinduvaldieu.be\\\/en\\\/realisations-de-sites-web\\\/\",\"url\":\"https:\\\/\\\/moulinduvaldieu.be\\\/en\\\/realisations-de-sites-web\\\/\",\"name\":\"R\u00e9alisations de sites web - Le Moulin du Val-Dieu\",\"isPartOf\":{\"@id\":\"https:\\\/\\\/moulinduvaldieu.be\\\/en\\\/#website\"},\"datePublished\":\"2018-01-25T11:13:12+00:00\",\"dateModified\":\"2020-07-27T09:53:39+00:00\",\"breadcrumb\":{\"@id\":\"https:\\\/\\\/moulinduvaldieu.be\\\/en\\\/realisations-de-sites-web\\\/#breadcrumb\"},\"inLanguage\":\"en-US\",\"potentialAction\":[{\"@type\":\"ReadAction\",\"target\":[\"https:\\\/\\\/moulinduvaldieu.be\\\/en\\\/realisations-de-sites-web\\\/\"]}]},{\"@type\":\"BreadcrumbList\",\"@id\":\"https:\\\/\\\/moulinduvaldieu.be\\\/en\\\/realisations-de-sites-web\\\/#breadcrumb\",\"itemListElement\":[{\"@type\":\"ListItem\",\"position\":1,\"name\":\"Accueil\",\"item\":\"https:\\\/\\\/moulinduvaldieu.be\\\/en\\\/\"},{\"@type\":\"ListItem\",\"position\":2,\"name\":\"R\u00e9alisations de sites web\"}]},{\"@type\":\"WebSite\",\"@id\":\"https:\\\/\\\/moulinduvaldieu.be\\\/en\\\/#website\",\"url\":\"https:\\\/\\\/moulinduvaldieu.be\\\/en\\\/\",\"name\":\"Le Moulin du Val-Dieu\",\"description\":\"Un site utilisant Les sites Simple - Neomedia\",\"potentialAction\":[{\"@type\":\"SearchAction\",\"target\":{\"@type\":\"EntryPoint\",\"urlTemplate\":\"https:\\\/\\\/moulinduvaldieu.be\\\/en\\\/?s={search_term_string}\"},\"query-input\":{\"@type\":\"PropertyValueSpecification\",\"valueRequired\":true,\"valueName\":\"search_term_string\"}}],\"inLanguage\":\"en-US\"}]}<\/script>\n<!-- \/ Yoast SEO plugin. -->","yoast_head_json":{"title":"R\u00e9alisations de sites web - Le Moulin du Val-Dieu","robots":{"index":"index","follow":"follow","max-snippet":"max-snippet:-1","max-image-preview":"max-image-preview:large","max-video-preview":"max-video-preview:-1"},"canonical":"https:\/\/moulinduvaldieu.be\/en\/realisations-de-sites-web\/","og_locale":"en_US","og_type":"article","og_title":"R\u00e9alisations de sites web - Le Moulin du Val-Dieu","og_description":"WEBSITE REALIZATIONS This website was created by OY\u00c9-OY\u00c9 \u00a9, the web agency of \u201cPetit Fut\u00e9 Belgium\u201d. OY\u00c9-OY\u00c9 has built the right solution to effectively promote &#8220;Moulin du Val Dieu&#8221; on the web. First of all by creating this functional website and especially by forging links with the major players on the web (social networks, platforms&#8230;) [&hellip;]","og_url":"https:\/\/moulinduvaldieu.be\/en\/realisations-de-sites-web\/","og_site_name":"Le Moulin du Val-Dieu","article_modified_time":"2020-07-27T09:53:39+00:00","twitter_card":"summary_large_image","twitter_misc":{"Est. reading time":"1 minute"},"schema":{"@context":"https:\/\/schema.org","@graph":[{"@type":"WebPage","@id":"https:\/\/moulinduvaldieu.be\/en\/realisations-de-sites-web\/","url":"https:\/\/moulinduvaldieu.be\/en\/realisations-de-sites-web\/","name":"R\u00e9alisations de sites web - Le Moulin du Val-Dieu","isPartOf":{"@id":"https:\/\/moulinduvaldieu.be\/en\/#website"},"datePublished":"2018-01-25T11:13:12+00:00","dateModified":"2020-07-27T09:53:39+00:00","breadcrumb":{"@id":"https:\/\/moulinduvaldieu.be\/en\/realisations-de-sites-web\/#breadcrumb"},"inLanguage":"en-US","potentialAction":[{"@type":"ReadAction","target":["https:\/\/moulinduvaldieu.be\/en\/realisations-de-sites-web\/"]}]},{"@type":"BreadcrumbList","@id":"https:\/\/moulinduvaldieu.be\/en\/realisations-de-sites-web\/#breadcrumb","itemListElement":[{"@type":"ListItem","position":1,"name":"Accueil","item":"https:\/\/moulinduvaldieu.be\/en\/"},{"@type":"ListItem","position":2,"name":"R\u00e9alisations de sites web"}]},{"@type":"WebSite","@id":"https:\/\/moulinduvaldieu.be\/en\/#website","url":"https:\/\/moulinduvaldieu.be\/en\/","name":"Le Moulin du Val-Dieu","description":"Un site utilisant Les sites Simple - Neomedia","potentialAction":[{"@type":"SearchAction","target":{"@type":"EntryPoint","urlTemplate":"https:\/\/moulinduvaldieu.be\/en\/?s={search_term_string}"},"query-input":{"@type":"PropertyValueSpecification","valueRequired":true,"valueName":"search_term_string"}}],"inLanguage":"en-US"}]}},"publishpress_future_workflow_manual_trigger":{"enabledWorkflows":[]},"_links":{"self":[{"href":"https:\/\/moulinduvaldieu.be\/en\/wp-json\/wp\/v2\/pages\/1145","targetHints":{"allow":["GET"]}}],"collection":[{"href":"https:\/\/moulinduvaldieu.be\/en\/wp-json\/wp\/v2\/pages"}],"about":[{"href":"https:\/\/moulinduvaldieu.be\/en\/wp-json\/wp\/v2\/types\/page"}],"author":[{"embeddable":true,"href":"https:\/\/moulinduvaldieu.be\/en\/wp-json\/wp\/v2\/users\/2"}],"replies":[{"embeddable":true,"href":"https:\/\/moulinduvaldieu.be\/en\/wp-json\/wp\/v2\/comments?post=1145"}],"version-history":[{"count":2,"href":"https:\/\/moulinduvaldieu.be\/en\/wp-json\/wp\/v2\/pages\/1145\/revisions"}],"predecessor-version":[{"id":1444,"href":"https:\/\/moulinduvaldieu.be\/en\/wp-json\/wp\/v2\/pages\/1145\/revisions\/1444"}],"wp:attachment":[{"href":"https:\/\/moulinduvaldieu.be\/en\/wp-json\/wp\/v2\/media?parent=1145"}],"curies":[{"name":"wp","href":"https:\/\/api.w.org\/{rel}","templated":true}]}}